{"id":508,"date":"2020-02-23T15:40:16","date_gmt":"2020-02-23T14:40:16","guid":{"rendered":"http:\/\/fabiengeromesophrologue.fr\/?page_id=508"},"modified":"2025-07-29T12:46:39","modified_gmt":"2025-07-29T10:46:39","slug":"sophrobee","status":"publish","type":"page","link":"https:\/\/fabiengeromesophrologue.fr\/index.php\/sophrobee\/","title":{"rendered":"SophroBee"},"content":{"rendered":"\n<h2 class=\"wp-block-heading\">Des abeilles pour vous lib\u00e9rer du stress !<\/h2>\n\n\n\n<p>En Slov\u00e9nie, pays o\u00f9 l&#8217;apiculture est tr\u00e8s ancr\u00e9e dans la soci\u00e9t\u00e9, il existe une tradition ancienne de soins d\u00e9velopp\u00e9e autour des abeilles. <br>Ainsi, il est courant de voir des ruchers se transformer en chambre &#8220;apith\u00e9rapeutiques&#8221;, o\u00f9 l&#8217;on peut respirer directement l\u2019air des ruches et se d\u00e9tendre en \u00e9coutant bourdonner les abeilles.<\/p>\n\n\n\n<p>SophroBee, c&#8217;est vivre une exp\u00e9rience in\u00e9dite de repos. C&#8217;est se reconnecter avec l&#8217;instant pr\u00e9sent gr\u00e2ce aux abeilles et se mettre \u00e0 l&#8217;\u00e9coute de son corps dans un cadre original et en toute s\u00e9curit\u00e9.<\/p>\n\n\n\n<p>Durant une heure, assis ou allong\u00e9 sur une banquette positionn\u00e9e au dessus des ruches, je vous propose une s\u00e9rie d&#8217;exercices de sophrologie permettant une d\u00e9tente musculaire et mentale&nbsp;(exercices de respiration, de d\u00e9contraction musculaire et de visualisation positive).&nbsp;\u00bb<\/p>\n\n\n\n<hr class=\"wp-block-separator has-alpha-channel-opacity\"\/>\n\n\n\n<h2 class=\"wp-block-heading\">La gen\u00e8se du projet:<\/h2>\n\n\n\n<p>L&#8217;apiculture est une passion depuis plus de 10 ans, je suis \u00e0 la t\u00eate d&#8217;un petit cheptel de 45 ruches.Ce projet peut para\u00eetre un peu original, mais il est pourtant le fruit d&#8217;une profonde r\u00e9flexion.<\/p>\n\n\n\n<figure class=\"wp-block-gallery has-nested-images columns-0 is-cropped wp-block-gallery-1 is-layout-flex wp-block-gallery-is-layout-flex\">\n<figure class=\"wp-block-image size-large\"><a href=\"https:\/\/fabiengeromesophrologue.fr\/wp-content\/uploads\/2025\/07\/Sophro_1.jpg\"><img fetchpriority=\"high\" decoding=\"async\" width=\"1000\" height=\"666\" data-id=\"862\" src=\"https:\/\/fabiengeromesophrologue.fr\/wp-content\/uploads\/2025\/07\/Sophro_1.jpg\" alt=\"\" class=\"wp-image-862\" srcset=\"https:\/\/fabiengeromesophrologue.fr\/wp-content\/uploads\/2025\/07\/Sophro_1.jpg 1000w, https:\/\/fabiengeromesophrologue.fr\/wp-content\/uploads\/2025\/07\/Sophro_1-300x200.jpg 300w, https:\/\/fabiengeromesophrologue.fr\/wp-content\/uploads\/2025\/07\/Sophro_1-768x511.jpg 768w\" sizes=\"(max-width: 1000px) 100vw, 1000px\" \/><\/a><\/figure>\n\n\n\n<figure class=\"wp-block-image size-large\"><a href=\"https:\/\/fabiengeromesophrologue.fr\/wp-content\/uploads\/2025\/07\/SophroBee_2.jpg\"><img decoding=\"async\" width=\"1000\" height=\"666\" data-id=\"863\" src=\"https:\/\/fabiengeromesophrologue.fr\/wp-content\/uploads\/2025\/07\/SophroBee_2.jpg\" alt=\"\" class=\"wp-image-863\" srcset=\"https:\/\/fabiengeromesophrologue.fr\/wp-content\/uploads\/2025\/07\/SophroBee_2.jpg 1000w, https:\/\/fabiengeromesophrologue.fr\/wp-content\/uploads\/2025\/07\/SophroBee_2-300x200.jpg 300w, https:\/\/fabiengeromesophrologue.fr\/wp-content\/uploads\/2025\/07\/SophroBee_2-768x511.jpg 768w\" sizes=\"(max-width: 1000px) 100vw, 1000px\" \/><\/a><\/figure>\n\n\n\n<figure class=\"wp-block-image size-large\"><a href=\"https:\/\/fabiengeromesophrologue.fr\/wp-content\/uploads\/2025\/07\/SophroBee_3.jpg\"><img decoding=\"async\" width=\"1000\" height=\"665\" data-id=\"878\" src=\"https:\/\/fabiengeromesophrologue.fr\/wp-content\/uploads\/2025\/07\/SophroBee_3.jpg\" alt=\"\" class=\"wp-image-878\" srcset=\"https:\/\/fabiengeromesophrologue.fr\/wp-content\/uploads\/2025\/07\/SophroBee_3.jpg 1000w, https:\/\/fabiengeromesophrologue.fr\/wp-content\/uploads\/2025\/07\/SophroBee_3-300x200.jpg 300w, https:\/\/fabiengeromesophrologue.fr\/wp-content\/uploads\/2025\/07\/SophroBee_3-768x511.jpg 768w\" sizes=\"(max-width: 1000px) 100vw, 1000px\" \/><\/a><\/figure>\n\n\n\n<figure class=\"wp-block-image size-full\"><a href=\"https:\/\/fabiengeromesophrologue.fr\/wp-content\/uploads\/2025\/07\/SophroBee_User.jpg\"><img loading=\"lazy\" decoding=\"async\" width=\"640\" height=\"426\" data-id=\"985\" src=\"https:\/\/fabiengeromesophrologue.fr\/wp-content\/uploads\/2025\/07\/SophroBee_User.jpg\" alt=\"\" class=\"wp-image-985\" srcset=\"https:\/\/fabiengeromesophrologue.fr\/wp-content\/uploads\/2025\/07\/SophroBee_User.jpg 640w, https:\/\/fabiengeromesophrologue.fr\/wp-content\/uploads\/2025\/07\/SophroBee_User-300x200.jpg 300w, https:\/\/fabiengeromesophrologue.fr\/wp-content\/uploads\/2025\/07\/SophroBee_User-600x399.jpg 600w\" sizes=\"(max-width: 640px) 100vw, 640px\" \/><\/a><\/figure>\n<\/figure>\n\n\n\n<h2 class=\"wp-block-heading\"><strong>Alors pourquoi ce projet?<\/strong><\/h2>\n\n\n\n<p>Dans le cadre de mes accompagnements sophrologiques, le travail de concentration et de m\u00e9ditation sur le moment pr\u00e9sent est un fondement pour se reconnecter \u00e0 soi, g\u00e9rer son stress, ses \u00e9motions et retrouver un \u00e9tat de bien-\u00eatre durable. C&#8217;est ainsi que je souhaite pouvoir int\u00e9grer dans mes accompagnements cette exp\u00e9rience unique d&#8217;\u00e9coute du bruit des abeilles au travail, de sentir l&#8217;odeur agr\u00e9able et apaisante de la ruche pour apprendre concr\u00e8tement \u00e0 se reconnecter \u00e0 soi.<\/p>\n\n\n\n<p> Il s&#8217;agit d&#8217;une d\u00e9marche \u00e0 la fois \u00e9cologique puisqu&#8217;elle s&#8217;inscrit dans la pr\u00e9servation de l&#8217;environnement dans lequel je vis, mais aussi avec une dimension humaine et de bien-\u00eatre en lien direct avec mon activit\u00e9 de sophrologue.<\/p>\n\n\n\n<hr class=\"wp-block-separator has-alpha-channel-opacity\"\/>\n\n\n\n<div class=\"wp-block-buttons is-content-justification-center is-layout-flex wp-container-core-buttons-is-layout-a89b3969 wp-block-buttons-is-layout-flex\">\n<div class=\"wp-block-button\"><a class=\"wp-block-button__link has-text-align-center wp-element-button\" href=\"https:\/\/fabiengeromesophrologue.fr\/index.php\/prestations-et-tarifs\/\">Prestations et tarifs +<\/a><\/div>\n<\/div>\n\n\n\n<hr class=\"wp-block-separator has-alpha-channel-opacity\"\/>\n\n\n\n<figure class=\"wp-block-image size-large\"><img loading=\"lazy\" decoding=\"async\" width=\"1024\" height=\"341\" src=\"http:\/\/fabiengeromesophrologue.fr\/wp-content\/uploads\/2025\/07\/Sophrobee_Concept-1024x341.png\" alt=\"\" class=\"wp-image-899\" srcset=\"https:\/\/fabiengeromesophrologue.fr\/wp-content\/uploads\/2025\/07\/Sophrobee_Concept-1024x341.png 1024w, https:\/\/fabiengeromesophrologue.fr\/wp-content\/uploads\/2025\/07\/Sophrobee_Concept-300x100.png 300w, https:\/\/fabiengeromesophrologue.fr\/wp-content\/uploads\/2025\/07\/Sophrobee_Concept-768x256.png 768w, https:\/\/fabiengeromesophrologue.fr\/wp-content\/uploads\/2025\/07\/Sophrobee_Concept.png 1500w\" sizes=\"(max-width: 1024px) 100vw, 1024px\" \/><\/figure>\n","protected":false},"excerpt":{"rendered":"<p>Des abeilles pour vous lib\u00e9rer du stress ! En Slov\u00e9nie, pays o\u00f9 l&#8217;apiculture est tr\u00e8s [&hellip;]<\/p>\n","protected":false},"author":2,"featured_media":0,"parent":0,"menu_order":0,"comment_status":"closed","ping_status":"closed","template":"","meta":{"footnotes":""},"class_list":["post-508","page","type-page","status-publish","hentry"],"featured_media_urls":[],"_links":{"self":[{"href":"https:\/\/fabiengeromesophrologue.fr\/index.php\/wp-json\/wp\/v2\/pages\/508","targetHints":{"allow":["GET"]}}],"collection":[{"href":"https:\/\/fabiengeromesophrologue.fr\/index.php\/wp-json\/wp\/v2\/pages"}],"about":[{"href":"https:\/\/fabiengeromesophrologue.fr\/index.php\/wp-json\/wp\/v2\/types\/page"}],"author":[{"embeddable":true,"href":"https:\/\/fabiengeromesophrologue.fr\/index.php\/wp-json\/wp\/v2\/users\/2"}],"replies":[{"embeddable":true,"href":"https:\/\/fabiengeromesophrologue.fr\/index.php\/wp-json\/wp\/v2\/comments?post=508"}],"version-history":[{"count":4,"href":"https:\/\/fabiengeromesophrologue.fr\/index.php\/wp-json\/wp\/v2\/pages\/508\/revisions"}],"predecessor-version":[{"id":986,"href":"https:\/\/fabiengeromesophrologue.fr\/index.php\/wp-json\/wp\/v2\/pages\/508\/revisions\/986"}],"wp:attachment":[{"href":"https:\/\/fabiengeromesophrologue.fr\/index.php\/wp-json\/wp\/v2\/media?parent=508"}],"curies":[{"name":"wp","href":"https:\/\/api.w.org\/{rel}","templated":true}]}}